{"id":83,"date":"2024-12-18T17:19:16","date_gmt":"2024-12-18T16:19:16","guid":{"rendered":"https:\/\/igorgregorek.pl\/index.php\/kontakt\/"},"modified":"2025-01-18T14:07:28","modified_gmt":"2025-01-18T13:07:28","slug":"kontakt","status":"publish","type":"page","link":"https:\/\/igorgregorek.pl\/index.php\/kontakt\/","title":{"rendered":"Kontakt"},"content":{"rendered":"\n<div class=\"wp-block-columns is-layout-flex wp-container-core-columns-is-layout-1 wp-block-columns-is-layout-flex\">\n<div class=\"wp-block-column is-layout-flow wp-block-column-is-layout-flow\" style=\"flex-basis:50%\"><\/div>\n\n\n\n<div class=\"wp-block-column is-layout-flow wp-block-column-is-layout-flow\" style=\"flex-basis:50%\">\n<h2 class=\"wp-block-heading has-text-align-center\">E-mail<\/h2>\n\n\n\n<p class=\"has-text-align-center\">igorgregorek123@gmail.com<\/p>\n<\/div>\n<\/div>\n","protected":false},"excerpt":{"rendered":"<p>E-mail igorgregorek123@gmail.com<\/p>\n","protected":false},"author":1,"featured_media":0,"parent":0,"menu_order":0,"comment_status":"closed","ping_status":"closed","template":"","meta":{"footnotes":""},"class_list":["post-83","page","type-page","status-publish","hentry"],"yoast_head":"<!-- This site is optimized with the Yoast SEO plugin v24.6 - https:\/\/yoast.com\/wordpress\/plugins\/seo\/ -->\n<title>Kontakt - Igor Gregorek<\/title>\n<meta name=\"robots\" content=\"index, follow, max-snippet:-1, max-image-preview:large, max-video-preview:-1\" \/>\n<link rel=\"canonical\" href=\"https:\/\/igorgregorek.pl\/index.php\/kontakt\/\" \/>\n<meta property=\"og:locale\" content=\"pl_PL\" \/>\n<meta property=\"og:type\" content=\"article\" \/>\n<meta property=\"og:title\" content=\"Kontakt - Igor Gregorek\" \/>\n<meta property=\"og:description\" content=\"E-mail igorgregorek123@gmail.com\" \/>\n<meta property=\"og:url\" content=\"https:\/\/igorgregorek.pl\/index.php\/kontakt\/\" \/>\n<meta property=\"og:site_name\" content=\"Igor Gregorek\" \/>\n<meta property=\"article:publisher\" content=\"https:\/\/www.facebook.com\/profile.php?id=100082185995062\" \/>\n<meta property=\"article:modified_time\" content=\"2025-01-18T13:07:28+00:00\" \/>\n<meta property=\"og:image\" content=\"https:\/\/igorgregorek.pl\/wp-content\/uploads\/2024\/12\/DSC_0685-scaled.jpg\" \/>\n\t<meta property=\"og:image:width\" content=\"2560\" \/>\n\t<meta property=\"og:image:height\" content=\"1707\" \/>\n\t<meta property=\"og:image:type\" content=\"image\/jpeg\" \/>\n<meta name=\"twitter:card\" content=\"summary_large_image\" \/>\n<meta name=\"twitter:site\" content=\"@igor__gregorek\" \/>\n<meta name=\"twitter:label1\" content=\"Szacowany czas czytania\" \/>\n\t<meta name=\"twitter:data1\" content=\"1 minuta\" \/>\n<!-- \/ Yoast SEO plugin. -->","yoast_head_json":{"title":"Kontakt - Igor Gregorek","robots":{"index":"index","follow":"follow","max-snippet":"max-snippet:-1","max-image-preview":"max-image-preview:large","max-video-preview":"max-video-preview:-1"},"canonical":"https:\/\/igorgregorek.pl\/index.php\/kontakt\/","og_locale":"pl_PL","og_type":"article","og_title":"Kontakt - Igor Gregorek","og_description":"E-mail igorgregorek123@gmail.com","og_url":"https:\/\/igorgregorek.pl\/index.php\/kontakt\/","og_site_name":"Igor Gregorek","article_publisher":"https:\/\/www.facebook.com\/profile.php?id=100082185995062","article_modified_time":"2025-01-18T13:07:28+00:00","og_image":[{"width":2560,"height":1707,"url":"https:\/\/igorgregorek.pl\/wp-content\/uploads\/2024\/12\/DSC_0685-scaled.jpg","type":"image\/jpeg"}],"twitter_card":"summary_large_image","twitter_site":"@igor__gregorek","twitter_misc":{"Szacowany czas czytania":"1 minuta"},"schema":{"@context":"https:\/\/schema.org","@graph":[{"@type":"WebPage","@id":"https:\/\/igorgregorek.pl\/index.php\/kontakt\/","url":"https:\/\/igorgregorek.pl\/index.php\/kontakt\/","name":"Kontakt - Igor Gregorek","isPartOf":{"@id":"https:\/\/igorgregorek.pl\/#website"},"datePublished":"2024-12-18T16:19:16+00:00","dateModified":"2025-01-18T13:07:28+00:00","breadcrumb":{"@id":"https:\/\/igorgregorek.pl\/index.php\/kontakt\/#breadcrumb"},"inLanguage":"pl-PL","potentialAction":[{"@type":"ReadAction","target":["https:\/\/igorgregorek.pl\/index.php\/kontakt\/"]}]},{"@type":"BreadcrumbList","@id":"https:\/\/igorgregorek.pl\/index.php\/kontakt\/#breadcrumb","itemListElement":[{"@type":"ListItem","position":1,"name":"Home","item":"https:\/\/igorgregorek.pl\/"},{"@type":"ListItem","position":2,"name":"Kontakt"}]},{"@type":"WebSite","@id":"https:\/\/igorgregorek.pl\/#website","url":"https:\/\/igorgregorek.pl\/","name":"Igor Gregorek","description":"Polityk","publisher":{"@id":"https:\/\/igorgregorek.pl\/#\/schema\/person\/51da5c4c75f8dd4c263340b6ca770f01"},"alternateName":"Gregorek","potentialAction":[{"@type":"SearchAction","target":{"@type":"EntryPoint","urlTemplate":"https:\/\/igorgregorek.pl\/?s={search_term_string}"},"query-input":{"@type":"PropertyValueSpecification","valueRequired":true,"valueName":"search_term_string"}}],"inLanguage":"pl-PL"},{"@type":["Person","Organization"],"@id":"https:\/\/igorgregorek.pl\/#\/schema\/person\/51da5c4c75f8dd4c263340b6ca770f01","name":"igorgregorek","image":{"@type":"ImageObject","inLanguage":"pl-PL","@id":"https:\/\/igorgregorek.pl\/#\/schema\/person\/image\/","url":"https:\/\/igorgregorek.pl\/wp-content\/uploads\/2024\/12\/DSC_0685-edited-scaled.jpg","contentUrl":"https:\/\/igorgregorek.pl\/wp-content\/uploads\/2024\/12\/DSC_0685-edited-scaled.jpg","width":1708,"height":2560,"caption":"igorgregorek"},"logo":{"@id":"https:\/\/igorgregorek.pl\/#\/schema\/person\/image\/"},"description":"Polityk. Aktywista M\u0142odzie\u017cowy w mie\u015bcie Legnica","sameAs":["http:\/\/igorgregorek.pl\/wordpress","https:\/\/www.facebook.com\/profile.php?id=100082185995062","https:\/\/www.instagram.com\/igor__gregorek\/","https:\/\/x.com\/igor__gregorek"]}]}},"_links":{"self":[{"href":"https:\/\/igorgregorek.pl\/index.php\/wp-json\/wp\/v2\/pages\/83","targetHints":{"allow":["GET"]}}],"collection":[{"href":"https:\/\/igorgregorek.pl\/index.php\/wp-json\/wp\/v2\/pages"}],"about":[{"href":"https:\/\/igorgregorek.pl\/index.php\/wp-json\/wp\/v2\/types\/page"}],"author":[{"embeddable":true,"href":"https:\/\/igorgregorek.pl\/index.php\/wp-json\/wp\/v2\/users\/1"}],"replies":[{"embeddable":true,"href":"https:\/\/igorgregorek.pl\/index.php\/wp-json\/wp\/v2\/comments?post=83"}],"version-history":[{"count":8,"href":"https:\/\/igorgregorek.pl\/index.php\/wp-json\/wp\/v2\/pages\/83\/revisions"}],"predecessor-version":[{"id":237,"href":"https:\/\/igorgregorek.pl\/index.php\/wp-json\/wp\/v2\/pages\/83\/revisions\/237"}],"wp:attachment":[{"href":"https:\/\/igorgregorek.pl\/index.php\/wp-json\/wp\/v2\/media?parent=83"}],"curies":[{"name":"wp","href":"https:\/\/api.w.org\/{rel}","templated":true}]}}