{"id":58,"date":"2024-12-18T17:12:57","date_gmt":"2024-12-18T16:12:57","guid":{"rendered":"https:\/\/igorgregorek.pl\/index.php\/front_page\/"},"modified":"2025-08-27T22:43:06","modified_gmt":"2025-08-27T20:43:06","slug":"strona_glowna","status":"publish","type":"page","link":"https:\/\/igorgregorek.pl\/","title":{"rendered":"Strona G\u0142\u00f3wna"},"content":{"rendered":"\n<div class=\"wp-block-columns alignwide are-vertically-aligned-center is-layout-flex wp-container-core-columns-is-layout-1 wp-block-columns-is-layout-flex\" style=\"margin-top:0;margin-bottom:0;padding-top:0;padding-bottom:0\">\n<div class=\"wp-block-column is-vertically-aligned-center is-layout-flow wp-block-column-is-layout-flow\">\n<figure class=\"wp-block-image size-large has-custom-border is-style-rounded wp-duotone-unset-2 is-style-rounded--1\" style=\"margin-right:0;margin-left:0\"><img loading=\"lazy\" decoding=\"async\" width=\"2560\" height=\"1919\" src=\"https:\/\/igorgregorek.pl\/wp-content\/uploads\/2024\/12\/DSC_0685-1-edited-scaled.jpg\" alt=\"\" class=\"wp-image-144\" style=\"border-style:none;border-width:0px;border-radius:64px\" srcset=\"https:\/\/igorgregorek.pl\/wp-content\/uploads\/2024\/12\/DSC_0685-1-edited-scaled.jpg 2560w, https:\/\/igorgregorek.pl\/wp-content\/uploads\/2024\/12\/DSC_0685-1-edited-300x225.jpg 300w, https:\/\/igorgregorek.pl\/wp-content\/uploads\/2024\/12\/DSC_0685-1-edited-1024x768.jpg 1024w, https:\/\/igorgregorek.pl\/wp-content\/uploads\/2024\/12\/DSC_0685-1-edited-768x576.jpg 768w, https:\/\/igorgregorek.pl\/wp-content\/uploads\/2024\/12\/DSC_0685-1-edited-1536x1152.jpg 1536w, https:\/\/igorgregorek.pl\/wp-content\/uploads\/2024\/12\/DSC_0685-1-edited-2048x1536.jpg 2048w\" sizes=\"auto, (max-width: 2560px) 100vw, 2560px\" \/><\/figure>\n<\/div>\n\n\n\n<div class=\"wp-block-column is-vertically-aligned-center is-layout-flow wp-block-column-is-layout-flow\">\n<h1 class=\"wp-block-heading has-text-align-left is-style-default\" style=\"border-style:none;border-width:0px;margin-top:var(--wp--preset--spacing--40);margin-bottom:var(--wp--preset--spacing--40);padding-right:var(--wp--preset--spacing--60);padding-left:var(--wp--preset--spacing--60)\"><strong>Igor Gregorek<\/strong><\/h1>\n<\/div>\n<\/div>\n\n\n\n<div class=\"wp-block-group is-content-justification-center is-nowrap is-layout-flex wp-container-core-group-is-layout-1 wp-block-group-is-layout-flex\">\n<div class=\"wp-block-buttons is-layout-flex wp-block-buttons-is-layout-flex\">\n<div class=\"wp-block-button is-style-outline is-style-outline--3\"><a class=\"wp-block-button__link wp-element-button\" href=\"https:\/\/igorgregorek.pl\/index.php\/o-mnie\/\" style=\"padding-top:var(--wp--preset--spacing--10);padding-bottom:var(--wp--preset--spacing--10)\">O MNIE<\/a><\/div>\n<\/div>\n\n\n\n<div class=\"wp-block-buttons is-content-justification-center is-layout-flex wp-container-core-buttons-is-layout-2 wp-block-buttons-is-layout-flex\" style=\"margin-top:var(--wp--preset--spacing--40);margin-bottom:var(--wp--preset--spacing--40)\">\n<div class=\"wp-block-button has-custom-width wp-block-button__width-100 is-style-outline is-style-outline--4\"><a class=\"wp-block-button__link wp-element-button\" href=\"https:\/\/igorgregorek.pl\/index.php\/kontakt\/\">Kontakt<\/a><\/div>\n<\/div>\n<\/div>\n\n\n<p><script type=\"application\/ld+json\" class=\"schemantra\">{<br \/>\n  \"@context\": \"https:\/\/schema.org\",<br \/>\n  \"@type\": \"Person\",<br \/>\n  \"@id\": \"igorgregorek\",<br \/>\n  \"familyName\": \"Gregorek\",<br \/>\n  \"givenName\": \"Igor\",<br \/>\n  \"gender\": \"Male\",<br \/>\n  \"email\": \"igorgregorek123@gmail.com\",<br \/>\n  \"birthDate\": \"2008-09-23\",<br \/>\n  \"description\": \"Aktywista m\u0142odzie\u017cowy w mie\u015bcie Legnica. Sekretarz Legnickiej Nowej Generacji\",<br \/>\n  \"jobTitle\": \"Polityk\",<br \/>\n  \"knowsLanguage\": \"[polish,english]\",<br \/>\n  \"image\": \"https:\/\/igorgregorek.pl\/wp-content\/uploads\/2024\/12\/DSC_0685-edited-scaled.jpg\",<br \/>\n  \"url\": \"https:\/\/igorgregorek.pl\",<br \/>\n  \"birthPlace\": {<br \/>\n    \"@context\": \"https:\/\/schema.org\",<br \/>\n    \"@type\": \"Place\",<br \/>\n    \"@id\": \"Legnica\",<br \/>\n    \"address\": \"Legnica, Poland\"<br \/>\n  },<br \/>\n  \"memberOf\": {<br \/>\n    \"@context\": \"https:\/\/schema.org\",<br \/>\n    \"@type\": \"Organization\",<br \/>\n    \"@id\": \"Organization\",<br \/>\n    \"name\": \"Nowa Generacja\",<br \/>\n    \"url\": \"https:\/\/nowageneracja.org\"<br \/>\n  },<br \/>\n  \"nationality\": {<br \/>\n    \"@context\": \"https:\/\/schema.org\",<br \/>\n    \"@type\": \"Country\",<br \/>\n    \"@id\": \"polska\",<br \/>\n    \"name\": \"Poland\"<br \/>\n  }<br \/>\n}<\/script><\/p>\n\n\n<hr class=\"wp-block-separator alignwide has-alpha-channel-opacity is-style-wide\"\/>\n\n\n\n<h2 class=\"wp-block-heading has-text-align-center\">Aktualno\u015bci<\/h2>\n\n\n\n<div class=\"wp-block-query alignwide is-layout-flow wp-block-query-is-layout-flow\">\n\n<div class=\"wp-block-query-no-results\">\n\n<p><\/p>\n\n<\/div><\/div>\n","protected":false},"excerpt":{"rendered":"<p>Igor Gregorek Aktualno\u015bci<\/p>\n","protected":false},"author":1,"featured_media":0,"parent":0,"menu_order":1,"comment_status":"closed","ping_status":"closed","template":"","meta":{"footnotes":""},"class_list":["post-58","page","type-page","status-publish","hentry"],"yoast_head":"<!-- This site is optimized with the Yoast SEO plugin v24.6 - https:\/\/yoast.com\/wordpress\/plugins\/seo\/ -->\n<title>Strona G\u0142\u00f3wna - Igor Gregorek<\/title>\n<meta name=\"description\" content=\"Igor Gregorek - aktywista m\u0142odzie\u017cowy w Legnicy, Sekretarz Legnickiego Ko\u0142a Stowarzyszenia Nowa Generacja M\u0142odych.\" \/>\n<meta name=\"robots\" content=\"index, follow, max-snippet:-1, max-image-preview:large, max-video-preview:-1\" \/>\n<link rel=\"canonical\" href=\"https:\/\/igorgregorek.pl\/\" \/>\n<meta property=\"og:locale\" content=\"pl_PL\" \/>\n<meta property=\"og:type\" content=\"article\" \/>\n<meta property=\"og:title\" content=\"Igor Gregorek\" \/>\n<meta property=\"og:description\" content=\"M\u0142odzie\u017cowy aktywista w mie\u015bcie Legnica. Sekretarz Legnickiej Nowej Generacji.\" \/>\n<meta property=\"og:url\" content=\"https:\/\/igorgregorek.pl\/\" \/>\n<meta property=\"og:site_name\" content=\"Igor Gregorek\" \/>\n<meta property=\"article:publisher\" content=\"https:\/\/www.facebook.com\/profile.php?id=100082185995062\" \/>\n<meta property=\"article:modified_time\" content=\"2025-08-27T20:43:06+00:00\" \/>\n<meta property=\"og:image\" content=\"https:\/\/igorgregorek.pl\/wp-content\/uploads\/2025\/08\/uw_igor_3-edited.jpg\" \/>\n\t<meta property=\"og:image:width\" content=\"1280\" \/>\n\t<meta property=\"og:image:height\" content=\"960\" \/>\n\t<meta property=\"og:image:type\" content=\"image\/jpeg\" \/>\n<meta name=\"twitter:card\" content=\"summary_large_image\" \/>\n<meta name=\"twitter:site\" content=\"@igor__gregorek\" \/>\n<meta name=\"twitter:label1\" content=\"Szacowany czas czytania\" \/>\n\t<meta name=\"twitter:data1\" content=\"1 minuta\" \/>\n<!-- \/ Yoast SEO plugin. -->","yoast_head_json":{"title":"Strona G\u0142\u00f3wna - Igor Gregorek","description":"Igor Gregorek - aktywista m\u0142odzie\u017cowy w Legnicy, Sekretarz Legnickiego Ko\u0142a Stowarzyszenia Nowa Generacja M\u0142odych.","robots":{"index":"index","follow":"follow","max-snippet":"max-snippet:-1","max-image-preview":"max-image-preview:large","max-video-preview":"max-video-preview:-1"},"canonical":"https:\/\/igorgregorek.pl\/","og_locale":"pl_PL","og_type":"article","og_title":"Igor Gregorek","og_description":"M\u0142odzie\u017cowy aktywista w mie\u015bcie Legnica. Sekretarz Legnickiej Nowej Generacji.","og_url":"https:\/\/igorgregorek.pl\/","og_site_name":"Igor Gregorek","article_publisher":"https:\/\/www.facebook.com\/profile.php?id=100082185995062","article_modified_time":"2025-08-27T20:43:06+00:00","og_image":[{"width":1280,"height":960,"url":"https:\/\/igorgregorek.pl\/wp-content\/uploads\/2025\/08\/uw_igor_3-edited.jpg","type":"image\/jpeg"}],"twitter_card":"summary_large_image","twitter_site":"@igor__gregorek","twitter_misc":{"Szacowany czas czytania":"1 minuta"},"schema":{"@context":"https:\/\/schema.org","@graph":[{"@type":"WebPage","@id":"https:\/\/igorgregorek.pl\/","url":"https:\/\/igorgregorek.pl\/","name":"Strona G\u0142\u00f3wna - Igor Gregorek","isPartOf":{"@id":"https:\/\/igorgregorek.pl\/#website"},"primaryImageOfPage":{"@id":"https:\/\/igorgregorek.pl\/#primaryimage"},"image":{"@id":"https:\/\/igorgregorek.pl\/#primaryimage"},"thumbnailUrl":"https:\/\/igorgregorek.pl\/wp-content\/uploads\/2024\/12\/DSC_0685-1-edited-scaled.jpg","datePublished":"2024-12-18T16:12:57+00:00","dateModified":"2025-08-27T20:43:06+00:00","description":"Igor Gregorek - aktywista m\u0142odzie\u017cowy w Legnicy, Sekretarz Legnickiego Ko\u0142a Stowarzyszenia Nowa Generacja M\u0142odych.","breadcrumb":{"@id":"https:\/\/igorgregorek.pl\/#breadcrumb"},"inLanguage":"pl-PL","potentialAction":[{"@type":"ReadAction","target":["https:\/\/igorgregorek.pl\/"]}]},{"@type":"ImageObject","inLanguage":"pl-PL","@id":"https:\/\/igorgregorek.pl\/#primaryimage","url":"https:\/\/igorgregorek.pl\/wp-content\/uploads\/2024\/12\/DSC_0685-1-edited-scaled.jpg","contentUrl":"https:\/\/igorgregorek.pl\/wp-content\/uploads\/2024\/12\/DSC_0685-1-edited-scaled.jpg","width":2560,"height":1919},{"@type":"BreadcrumbList","@id":"https:\/\/igorgregorek.pl\/#breadcrumb","itemListElement":[{"@type":"ListItem","position":1,"name":"Home","item":"https:\/\/igorgregorek.pl\/"},{"@type":"ListItem","position":2,"name":"Strona G\u0142\u00f3wna"}]},{"@type":"WebSite","@id":"https:\/\/igorgregorek.pl\/#website","url":"https:\/\/igorgregorek.pl\/","name":"Igor Gregorek","description":"Polityk","publisher":{"@id":"https:\/\/igorgregorek.pl\/#\/schema\/person\/51da5c4c75f8dd4c263340b6ca770f01"},"alternateName":"Gregorek","potentialAction":[{"@type":"SearchAction","target":{"@type":"EntryPoint","urlTemplate":"https:\/\/igorgregorek.pl\/?s={search_term_string}"},"query-input":{"@type":"PropertyValueSpecification","valueRequired":true,"valueName":"search_term_string"}}],"inLanguage":"pl-PL"},{"@type":["Person","Organization"],"@id":"https:\/\/igorgregorek.pl\/#\/schema\/person\/51da5c4c75f8dd4c263340b6ca770f01","name":"igorgregorek","image":{"@type":"ImageObject","inLanguage":"pl-PL","@id":"https:\/\/igorgregorek.pl\/#\/schema\/person\/image\/","url":"https:\/\/igorgregorek.pl\/wp-content\/uploads\/2024\/12\/DSC_0685-edited-scaled.jpg","contentUrl":"https:\/\/igorgregorek.pl\/wp-content\/uploads\/2024\/12\/DSC_0685-edited-scaled.jpg","width":1708,"height":2560,"caption":"igorgregorek"},"logo":{"@id":"https:\/\/igorgregorek.pl\/#\/schema\/person\/image\/"},"description":"Polityk. Aktywista M\u0142odzie\u017cowy w mie\u015bcie Legnica","sameAs":["http:\/\/igorgregorek.pl\/wordpress","https:\/\/www.facebook.com\/profile.php?id=100082185995062","https:\/\/www.instagram.com\/igor__gregorek\/","https:\/\/x.com\/igor__gregorek"]}]}},"_links":{"self":[{"href":"https:\/\/igorgregorek.pl\/index.php\/wp-json\/wp\/v2\/pages\/58","targetHints":{"allow":["GET"]}}],"collection":[{"href":"https:\/\/igorgregorek.pl\/index.php\/wp-json\/wp\/v2\/pages"}],"about":[{"href":"https:\/\/igorgregorek.pl\/index.php\/wp-json\/wp\/v2\/types\/page"}],"author":[{"embeddable":true,"href":"https:\/\/igorgregorek.pl\/index.php\/wp-json\/wp\/v2\/users\/1"}],"replies":[{"embeddable":true,"href":"https:\/\/igorgregorek.pl\/index.php\/wp-json\/wp\/v2\/comments?post=58"}],"version-history":[{"count":27,"href":"https:\/\/igorgregorek.pl\/index.php\/wp-json\/wp\/v2\/pages\/58\/revisions"}],"predecessor-version":[{"id":270,"href":"https:\/\/igorgregorek.pl\/index.php\/wp-json\/wp\/v2\/pages\/58\/revisions\/270"}],"wp:attachment":[{"href":"https:\/\/igorgregorek.pl\/index.php\/wp-json\/wp\/v2\/media?parent=58"}],"curies":[{"name":"wp","href":"https:\/\/api.w.org\/{rel}","templated":true}]}}